{"id":5550,"date":"2023-06-07T13:18:43","date_gmt":"2023-06-07T13:18:43","guid":{"rendered":"https:\/\/www.cyprusvillages.com.cy\/sala-konferencyjna\/"},"modified":"2024-03-01T11:55:23","modified_gmt":"2024-03-01T11:55:23","slug":"sala-konferencyjna","status":"publish","type":"page","link":"https:\/\/www.cyprusvillages.com.cy\/pl\/sala-konferencyjna\/","title":{"rendered":"Sala konferencyjna"},"content":{"rendered":"\t\t<div data-elementor-type=\"wp-page\" data-elementor-id=\"5550\" class=\"elementor elementor-5550 elementor-2224\" data-elementor-post-type=\"page\">\n\t\t\t\t\t\t<section class=\"elementor-section elementor-top-section elementor-element elementor-element-78bd1f9d elementor-section-content-middle elementor-section-boxed elementor-section-height-default elementor-section-height-default\" data-id=\"78bd1f9d\" data-element_type=\"section\" data-e-type=\"section\">\n\t\t\t\t\t\t<div class=\"elementor-container elementor-column-gap-no\">\n\t\t\t\t\t<div class=\"elementor-column elementor-col-100 elementor-top-column elementor-element elementor-element-5ebed37c\" data-id=\"5ebed37c\" data-element_type=\"column\" data-e-type=\"column\">\n\t\t\t<div class=\"elementor-widget-wrap elementor-element-populated\">\n\t\t\t\t\t\t<div class=\"elementor-element elementor-element-47c36661 elementor-widget elementor-widget-image\" data-id=\"47c36661\" data-element_type=\"widget\" data-e-type=\"widget\" data-widget_type=\"image.default\">\n\t\t\t\t<div class=\"elementor-widget-container\">\n\t\t\t\t\t\t\t\t\t\t\t\t\t\t\t<img decoding=\"async\" src=\"https:\/\/www.cyprusvillages.com.cy\/wp-content\/uploads\/elementor\/thumbs\/IMG_2554-scaled-q7m4hg8vi9yus3fzbke0yq59xbp6t2whxlhwjc458m.jpg\" title=\"IMG_2554\" alt=\"IMG_2554\" loading=\"lazy\" \/>\t\t\t\t\t\t\t\t\t\t\t\t\t\t\t<\/div>\n\t\t\t\t<\/div>\n\t\t\t\t<div class=\"elementor-element elementor-element-1c19ecf8 elementor-widget elementor-widget-heading\" data-id=\"1c19ecf8\" data-element_type=\"widget\" data-e-type=\"widget\" data-widget_type=\"heading.default\">\n\t\t\t\t<div class=\"elementor-widget-container\">\n\t\t\t\t\t<h3 class=\"elementor-heading-title elementor-size-default\">Oferujemy spotkania i sale konferencyjne na Cyprze<\/h3>\t\t\t\t<\/div>\n\t\t\t\t<\/div>\n\t\t\t\t<div class=\"elementor-element elementor-element-459ac718 elementor-widget elementor-widget-text-editor\" data-id=\"459ac718\" data-element_type=\"widget\" data-e-type=\"widget\" data-widget_type=\"text-editor.default\">\n\t\t\t\t<div class=\"elementor-widget-container\">\n\t\t\t\t\t\t\t\t\t<p>Nasza sala konferencyjna mo\u017ce pomie\u015bci\u0107 do 50 os\u00f3b. Nasza restauracja <a href=\"https:\/\/www.cyprusvillages.com.cy\/tochni-tavern\/\">Tochni Tavern<\/a> mo\u017ce zapewni\u0107 lunch i kolacj\u0119 dla wszystkich go\u015bci. Oferujemy r\u00f3wnie\u017c <a href=\"https:\/\/www.cyprusvillages.com.cy\/accommodation\/\">zakwaterowanie<\/a> dla maksymalnie 50 os\u00f3b, dla grup z zagranicy. Aby uzyska\u0107 wi\u0119cej informacji, skontaktuj si\u0119 z naszym zespo\u0142em: <a href=\"mailto:marketing@cyprusvillages.com.cy\">marketing@cyprusvillages.com.cy<\/a><\/p>\n\t\t\t\t\t\t\t\t<\/div>\n\t\t\t\t<\/div>\n\t\t\t\t<div class=\"elementor-element elementor-element-a7b59b8 elementor-widget elementor-widget-gallery\" data-id=\"a7b59b8\" data-element_type=\"widget\" data-e-type=\"widget\" data-settings=\"{&quot;lazyload&quot;:&quot;yes&quot;,&quot;gallery_layout&quot;:&quot;grid&quot;,&quot;columns&quot;:4,&quot;columns_tablet&quot;:2,&quot;columns_mobile&quot;:1,&quot;gap&quot;:{&quot;unit&quot;:&quot;px&quot;,&quot;size&quot;:10,&quot;sizes&quot;:[]},&quot;gap_laptop&quot;:{&quot;unit&quot;:&quot;px&quot;,&quot;size&quot;:10,&quot;sizes&quot;:[]},&quot;gap_tablet&quot;:{&quot;unit&quot;:&quot;px&quot;,&quot;size&quot;:10,&quot;sizes&quot;:[]},&quot;gap_mobile&quot;:{&quot;unit&quot;:&quot;px&quot;,&quot;size&quot;:10,&quot;sizes&quot;:[]},&quot;link_to&quot;:&quot;file&quot;,&quot;aspect_ratio&quot;:&quot;3:2&quot;,&quot;overlay_background&quot;:&quot;yes&quot;,&quot;content_hover_animation&quot;:&quot;fade-in&quot;}\" data-widget_type=\"gallery.default\">\n\t\t\t\t<div class=\"elementor-widget-container\">\n\t\t\t\t\t\t\t<div class=\"elementor-gallery__container\">\n\t\t\t\t\t\t\t<a class=\"e-gallery-item elementor-gallery-item elementor-animated-content\" href=\"https:\/\/www.cyprusvillages.com.cy\/wp-content\/uploads\/2023\/06\/IMG_2553-scaled.jpg\" data-elementor-open-lightbox=\"yes\" data-elementor-lightbox-slideshow=\"a7b59b8\" data-elementor-lightbox-title=\"IMG_2553\" data-e-action-hash=\"#elementor-action%3Aaction%3Dlightbox%26settings%3DeyJpZCI6MjIzMSwidXJsIjoiaHR0cHM6XC9cL3d3dy5jeXBydXN2aWxsYWdlcy5jb20uY3lcL3dwLWNvbnRlbnRcL3VwbG9hZHNcLzIwMjNcLzA2XC9JTUdfMjU1My1zY2FsZWQuanBnIiwic2xpZGVzaG93IjoiYTdiNTliOCJ9\">\n\t\t\t\t\t<div class=\"e-gallery-image elementor-gallery-item__image\" data-thumbnail=\"https:\/\/www.cyprusvillages.com.cy\/wp-content\/uploads\/2023\/06\/IMG_2553-300x225.jpg\" data-width=\"300\" data-height=\"225\" aria-label=\"\" role=\"img\" ><\/div>\n\t\t\t\t\t\t\t\t\t\t\t<div class=\"elementor-gallery-item__overlay\"><\/div>\n\t\t\t\t\t\t\t\t\t\t\t\t\t\t<\/a>\n\t\t\t\t\t\t\t<a class=\"e-gallery-item elementor-gallery-item elementor-animated-content\" href=\"https:\/\/www.cyprusvillages.com.cy\/wp-content\/uploads\/2023\/06\/IMG_2556-scaled.jpg\" data-elementor-open-lightbox=\"yes\" data-elementor-lightbox-slideshow=\"a7b59b8\" data-elementor-lightbox-title=\"IMG_2556\" data-e-action-hash=\"#elementor-action%3Aaction%3Dlightbox%26settings%3DeyJpZCI6MjIzMCwidXJsIjoiaHR0cHM6XC9cL3d3dy5jeXBydXN2aWxsYWdlcy5jb20uY3lcL3dwLWNvbnRlbnRcL3VwbG9hZHNcLzIwMjNcLzA2XC9JTUdfMjU1Ni1zY2FsZWQuanBnIiwic2xpZGVzaG93IjoiYTdiNTliOCJ9\">\n\t\t\t\t\t<div class=\"e-gallery-image elementor-gallery-item__image\" data-thumbnail=\"https:\/\/www.cyprusvillages.com.cy\/wp-content\/uploads\/2023\/06\/IMG_2556-300x225.jpg\" data-width=\"300\" data-height=\"225\" aria-label=\"\" role=\"img\" ><\/div>\n\t\t\t\t\t\t\t\t\t\t\t<div class=\"elementor-gallery-item__overlay\"><\/div>\n\t\t\t\t\t\t\t\t\t\t\t\t\t\t<\/a>\n\t\t\t\t\t\t\t<a class=\"e-gallery-item elementor-gallery-item elementor-animated-content\" href=\"https:\/\/www.cyprusvillages.com.cy\/wp-content\/uploads\/2023\/06\/IMG_2554-scaled.jpg\" data-elementor-open-lightbox=\"yes\" data-elementor-lightbox-slideshow=\"a7b59b8\" data-elementor-lightbox-title=\"IMG_2554\" data-e-action-hash=\"#elementor-action%3Aaction%3Dlightbox%26settings%3DeyJpZCI6MjIyOSwidXJsIjoiaHR0cHM6XC9cL3d3dy5jeXBydXN2aWxsYWdlcy5jb20uY3lcL3dwLWNvbnRlbnRcL3VwbG9hZHNcLzIwMjNcLzA2XC9JTUdfMjU1NC1zY2FsZWQuanBnIiwic2xpZGVzaG93IjoiYTdiNTliOCJ9\">\n\t\t\t\t\t<div class=\"e-gallery-image elementor-gallery-item__image\" data-thumbnail=\"https:\/\/www.cyprusvillages.com.cy\/wp-content\/uploads\/2023\/06\/IMG_2554-300x225.jpg\" data-width=\"300\" data-height=\"225\" aria-label=\"\" role=\"img\" ><\/div>\n\t\t\t\t\t\t\t\t\t\t\t<div class=\"elementor-gallery-item__overlay\"><\/div>\n\t\t\t\t\t\t\t\t\t\t\t\t\t\t<\/a>\n\t\t\t\t\t\t\t<a class=\"e-gallery-item elementor-gallery-item elementor-animated-content\" href=\"https:\/\/www.cyprusvillages.com.cy\/wp-content\/uploads\/2023\/06\/IMG_2552-scaled.jpg\" data-elementor-open-lightbox=\"yes\" data-elementor-lightbox-slideshow=\"a7b59b8\" data-elementor-lightbox-title=\"IMG_2552\" data-e-action-hash=\"#elementor-action%3Aaction%3Dlightbox%26settings%3DeyJpZCI6MjIyOCwidXJsIjoiaHR0cHM6XC9cL3d3dy5jeXBydXN2aWxsYWdlcy5jb20uY3lcL3dwLWNvbnRlbnRcL3VwbG9hZHNcLzIwMjNcLzA2XC9JTUdfMjU1Mi1zY2FsZWQuanBnIiwic2xpZGVzaG93IjoiYTdiNTliOCJ9\">\n\t\t\t\t\t<div class=\"e-gallery-image elementor-gallery-item__image\" data-thumbnail=\"https:\/\/www.cyprusvillages.com.cy\/wp-content\/uploads\/2023\/06\/IMG_2552-300x225.jpg\" data-width=\"300\" data-height=\"225\" aria-label=\"\" role=\"img\" ><\/div>\n\t\t\t\t\t\t\t\t\t\t\t<div class=\"elementor-gallery-item__overlay\"><\/div>\n\t\t\t\t\t\t\t\t\t\t\t\t\t\t<\/a>\n\t\t\t\t\t\t\t<a class=\"e-gallery-item elementor-gallery-item elementor-animated-content\" href=\"https:\/\/www.cyprusvillages.com.cy\/wp-content\/uploads\/2023\/06\/IMG_2550-scaled.jpg\" data-elementor-open-lightbox=\"yes\" data-elementor-lightbox-slideshow=\"a7b59b8\" data-elementor-lightbox-title=\"IMG_2550\" data-e-action-hash=\"#elementor-action%3Aaction%3Dlightbox%26settings%3DeyJpZCI6MjIyNywidXJsIjoiaHR0cHM6XC9cL3d3dy5jeXBydXN2aWxsYWdlcy5jb20uY3lcL3dwLWNvbnRlbnRcL3VwbG9hZHNcLzIwMjNcLzA2XC9JTUdfMjU1MC1zY2FsZWQuanBnIiwic2xpZGVzaG93IjoiYTdiNTliOCJ9\">\n\t\t\t\t\t<div class=\"e-gallery-image elementor-gallery-item__image\" data-thumbnail=\"https:\/\/www.cyprusvillages.com.cy\/wp-content\/uploads\/2023\/06\/IMG_2550-300x225.jpg\" data-width=\"300\" data-height=\"225\" aria-label=\"\" role=\"img\" ><\/div>\n\t\t\t\t\t\t\t\t\t\t\t<div class=\"elementor-gallery-item__overlay\"><\/div>\n\t\t\t\t\t\t\t\t\t\t\t\t\t\t<\/a>\n\t\t\t\t\t\t\t<a class=\"e-gallery-item elementor-gallery-item elementor-animated-content\" href=\"https:\/\/www.cyprusvillages.com.cy\/wp-content\/uploads\/2022\/12\/DCM5600-2_2493x1910-1.jpeg\" data-elementor-open-lightbox=\"yes\" data-elementor-lightbox-slideshow=\"a7b59b8\" data-elementor-lightbox-title=\"Cyprus Villages holiday apartments Cyprus\" data-elementor-lightbox-description=\"Cyprus Villages holiday apartments Cyprus\" data-e-action-hash=\"#elementor-action%3Aaction%3Dlightbox%26settings%3DeyJpZCI6MTM2LCJ1cmwiOiJodHRwczpcL1wvd3d3LmN5cHJ1c3ZpbGxhZ2VzLmNvbS5jeVwvd3AtY29udGVudFwvdXBsb2Fkc1wvMjAyMlwvMTJcL0RDTTU2MDAtMl8yNDkzeDE5MTAtMS5qcGVnIiwic2xpZGVzaG93IjoiYTdiNTliOCJ9\">\n\t\t\t\t\t<div class=\"e-gallery-image elementor-gallery-item__image\" data-thumbnail=\"https:\/\/www.cyprusvillages.com.cy\/wp-content\/uploads\/2022\/12\/DCM5600-2_2493x1910-1-300x230.jpeg\" data-width=\"300\" data-height=\"230\" aria-label=\"Cyprus Villages holiday apartments Cyprus\" role=\"img\" ><\/div>\n\t\t\t\t\t\t\t\t\t\t\t<div class=\"elementor-gallery-item__overlay\"><\/div>\n\t\t\t\t\t\t\t\t\t\t\t\t\t\t<\/a>\n\t\t\t\t\t\t\t<a class=\"e-gallery-item elementor-gallery-item elementor-animated-content\" href=\"https:\/\/www.cyprusvillages.com.cy\/wp-content\/uploads\/2023\/01\/Tochni-tavern-mushrooms.webp\" data-elementor-open-lightbox=\"yes\" data-elementor-lightbox-slideshow=\"a7b59b8\" data-elementor-lightbox-title=\"Tochni tavern mushrooms\" data-e-action-hash=\"#elementor-action%3Aaction%3Dlightbox%26settings%3DeyJpZCI6NzAyLCJ1cmwiOiJodHRwczpcL1wvd3d3LmN5cHJ1c3ZpbGxhZ2VzLmNvbS5jeVwvd3AtY29udGVudFwvdXBsb2Fkc1wvMjAyM1wvMDFcL1RvY2huaS10YXZlcm4tbXVzaHJvb21zLndlYnAiLCJzbGlkZXNob3ciOiJhN2I1OWI4In0%3D\">\n\t\t\t\t\t<div class=\"e-gallery-image elementor-gallery-item__image\" data-thumbnail=\"https:\/\/www.cyprusvillages.com.cy\/wp-content\/uploads\/2023\/01\/Tochni-tavern-mushrooms-300x200.webp\" data-width=\"300\" data-height=\"200\" aria-label=\"\" role=\"img\" ><\/div>\n\t\t\t\t\t\t\t\t\t\t\t<div class=\"elementor-gallery-item__overlay\"><\/div>\n\t\t\t\t\t\t\t\t\t\t\t\t\t\t<\/a>\n\t\t\t\t\t\t\t<a class=\"e-gallery-item elementor-gallery-item elementor-animated-content\" href=\"https:\/\/www.cyprusvillages.com.cy\/wp-content\/uploads\/2023\/01\/rsz_copy_of_copy_of__dcm1377-2.webp\" data-elementor-open-lightbox=\"yes\" data-elementor-lightbox-slideshow=\"a7b59b8\" data-elementor-lightbox-title=\"Tochni tavern\" data-e-action-hash=\"#elementor-action%3Aaction%3Dlightbox%26settings%3DeyJpZCI6NzE4LCJ1cmwiOiJodHRwczpcL1wvd3d3LmN5cHJ1c3ZpbGxhZ2VzLmNvbS5jeVwvd3AtY29udGVudFwvdXBsb2Fkc1wvMjAyM1wvMDFcL3Jzel9jb3B5X29mX2NvcHlfb2ZfX2RjbTEzNzctMi53ZWJwIiwic2xpZGVzaG93IjoiYTdiNTliOCJ9\">\n\t\t\t\t\t<div class=\"e-gallery-image elementor-gallery-item__image\" data-thumbnail=\"https:\/\/www.cyprusvillages.com.cy\/wp-content\/uploads\/2023\/01\/rsz_copy_of_copy_of__dcm1377-2-300x200.webp\" data-width=\"300\" data-height=\"200\" aria-label=\"\" role=\"img\" ><\/div>\n\t\t\t\t\t\t\t\t\t\t\t<div class=\"elementor-gallery-item__overlay\"><\/div>\n\t\t\t\t\t\t\t\t\t\t\t\t\t\t<\/a>\n\t\t\t\t\t<\/div>\n\t\t\t\t\t<\/div>\n\t\t\t\t<\/div>\n\t\t\t\t\t<\/div>\n\t\t<\/div>\n\t\t\t\t\t<\/div>\n\t\t<\/section>\n\t\t\t\t<\/div>\n\t\t","protected":false},"excerpt":{"rendered":"<p>Oferujemy spotkania i sale konferencyjne na Cyprze Nasza sala konferencyjna mo\u017ce pomie\u015bci\u0107 do 50 os\u00f3b. Nasza restauracja Tochni Tavern mo\u017ce zapewni\u0107 lunch i kolacj\u0119 dla wszystkich go\u015bci. Oferujemy r\u00f3wnie\u017c zakwaterowanie dla maksymalnie 50 os\u00f3b, dla grup z zagranicy. Aby uzyska\u0107 wi\u0119cej informacji, skontaktuj si\u0119 z naszym zespo\u0142em: marketing@cyprusvillages.com.cy<\/p>\n","protected":false},"author":1,"featured_media":0,"parent":0,"menu_order":0,"comment_status":"closed","ping_status":"closed","template":"","meta":{"footnotes":""},"folder":[],"class_list":["post-5550","page","type-page","status-publish","hentry"],"yoast_head":"<!-- This site is optimized with the Yoast SEO plugin v27.5 - https:\/\/yoast.com\/product\/yoast-seo-wordpress\/ -->\n<title>Sala konferencyjna | Cyprus Villages<\/title>\n<meta name=\"description\" content=\"Oferujemy sal\u0119 konferencyjn\u0105 na Cyprze dla maksymalnie 50 os\u00f3b. Nasza restauracja oferuje lunch i kolacj\u0119\" \/>\n<meta name=\"robots\" content=\"index, follow, max-snippet:-1, max-image-preview:large, max-video-preview:-1\" \/>\n<link rel=\"canonical\" href=\"https:\/\/www.cyprusvillages.com.cy\/pl\/sala-konferencyjna\/\" \/>\n<meta property=\"og:locale\" content=\"pl_PL\" \/>\n<meta property=\"og:type\" content=\"article\" \/>\n<meta property=\"og:title\" content=\"Sala konferencyjna | Cyprus Villages\" \/>\n<meta property=\"og:description\" content=\"Oferujemy sal\u0119 konferencyjn\u0105 na Cyprze dla maksymalnie 50 os\u00f3b. Nasza restauracja oferuje lunch i kolacj\u0119\" \/>\n<meta property=\"og:url\" content=\"https:\/\/www.cyprusvillages.com.cy\/pl\/sala-konferencyjna\/\" \/>\n<meta property=\"og:site_name\" content=\"Cyprus Villages\" \/>\n<meta property=\"article:publisher\" content=\"https:\/\/www.facebook.com\/Cyprusvillages\/\" \/>\n<meta property=\"article:modified_time\" content=\"2024-03-01T11:55:23+00:00\" \/>\n<meta property=\"og:image\" content=\"https:\/\/www.cyprusvillages.com.cy\/wp-content\/uploads\/elementor\/thumbs\/IMG_2554-scaled-q7m4hg8vi9yus3fzbke0yq59xbp6t2whxlhwjc458m.jpg\" \/>\n<meta name=\"twitter:card\" content=\"summary_large_image\" \/>\n<script type=\"application\/ld+json\" class=\"yoast-schema-graph\">{\"@context\":\"https:\\\/\\\/schema.org\",\"@graph\":[{\"@type\":\"WebPage\",\"@id\":\"https:\\\/\\\/www.cyprusvillages.com.cy\\\/pl\\\/sala-konferencyjna\\\/\",\"url\":\"https:\\\/\\\/www.cyprusvillages.com.cy\\\/pl\\\/sala-konferencyjna\\\/\",\"name\":\"Sala konferencyjna | Cyprus Villages\",\"isPartOf\":{\"@id\":\"https:\\\/\\\/www.cyprusvillages.com.cy\\\/pl\\\/#website\"},\"primaryImageOfPage\":{\"@id\":\"https:\\\/\\\/www.cyprusvillages.com.cy\\\/pl\\\/sala-konferencyjna\\\/#primaryimage\"},\"image\":{\"@id\":\"https:\\\/\\\/www.cyprusvillages.com.cy\\\/pl\\\/sala-konferencyjna\\\/#primaryimage\"},\"thumbnailUrl\":\"https:\\\/\\\/www.cyprusvillages.com.cy\\\/wp-content\\\/uploads\\\/elementor\\\/thumbs\\\/IMG_2554-scaled-q7m4hg8vi9yus3fzbke0yq59xbp6t2whxlhwjc458m.jpg\",\"datePublished\":\"2023-06-07T13:18:43+00:00\",\"dateModified\":\"2024-03-01T11:55:23+00:00\",\"description\":\"Oferujemy sal\u0119 konferencyjn\u0105 na Cyprze dla maksymalnie 50 os\u00f3b. Nasza restauracja oferuje lunch i kolacj\u0119\",\"breadcrumb\":{\"@id\":\"https:\\\/\\\/www.cyprusvillages.com.cy\\\/pl\\\/sala-konferencyjna\\\/#breadcrumb\"},\"inLanguage\":\"pl-PL\",\"potentialAction\":[{\"@type\":\"ReadAction\",\"target\":[\"https:\\\/\\\/www.cyprusvillages.com.cy\\\/pl\\\/sala-konferencyjna\\\/\"]}]},{\"@type\":\"ImageObject\",\"inLanguage\":\"pl-PL\",\"@id\":\"https:\\\/\\\/www.cyprusvillages.com.cy\\\/pl\\\/sala-konferencyjna\\\/#primaryimage\",\"url\":\"https:\\\/\\\/www.cyprusvillages.com.cy\\\/wp-content\\\/uploads\\\/elementor\\\/thumbs\\\/IMG_2554-scaled-q7m4hg8vi9yus3fzbke0yq59xbp6t2whxlhwjc458m.jpg\",\"contentUrl\":\"https:\\\/\\\/www.cyprusvillages.com.cy\\\/wp-content\\\/uploads\\\/elementor\\\/thumbs\\\/IMG_2554-scaled-q7m4hg8vi9yus3fzbke0yq59xbp6t2whxlhwjc458m.jpg\"},{\"@type\":\"BreadcrumbList\",\"@id\":\"https:\\\/\\\/www.cyprusvillages.com.cy\\\/pl\\\/sala-konferencyjna\\\/#breadcrumb\",\"itemListElement\":[{\"@type\":\"ListItem\",\"position\":1,\"name\":\"Home\",\"item\":\"https:\\\/\\\/www.cyprusvillages.com.cy\\\/pl\\\/dom-2\\\/\"},{\"@type\":\"ListItem\",\"position\":2,\"name\":\"Sala konferencyjna\"}]},{\"@type\":\"WebSite\",\"@id\":\"https:\\\/\\\/www.cyprusvillages.com.cy\\\/pl\\\/#website\",\"url\":\"https:\\\/\\\/www.cyprusvillages.com.cy\\\/pl\\\/\",\"name\":\"Cyprus Villages\",\"description\":\"Cyprus Villages\",\"publisher\":{\"@id\":\"https:\\\/\\\/www.cyprusvillages.com.cy\\\/pl\\\/#organization\"},\"potentialAction\":[{\"@type\":\"SearchAction\",\"target\":{\"@type\":\"EntryPoint\",\"urlTemplate\":\"https:\\\/\\\/www.cyprusvillages.com.cy\\\/pl\\\/?s={search_term_string}\"},\"query-input\":{\"@type\":\"PropertyValueSpecification\",\"valueRequired\":true,\"valueName\":\"search_term_string\"}}],\"inLanguage\":\"pl-PL\"},{\"@type\":\"Organization\",\"@id\":\"https:\\\/\\\/www.cyprusvillages.com.cy\\\/pl\\\/#organization\",\"name\":\"Cyprus Villages\",\"url\":\"https:\\\/\\\/www.cyprusvillages.com.cy\\\/pl\\\/\",\"logo\":{\"@type\":\"ImageObject\",\"inLanguage\":\"pl-PL\",\"@id\":\"https:\\\/\\\/www.cyprusvillages.com.cy\\\/pl\\\/#\\\/schema\\\/logo\\\/image\\\/\",\"url\":\"https:\\\/\\\/www.cyprusvillages.com.cy\\\/wp-content\\\/uploads\\\/2022\\\/12\\\/Screenshot-2022-12-28-at-2.20.10-PM.png\",\"contentUrl\":\"https:\\\/\\\/www.cyprusvillages.com.cy\\\/wp-content\\\/uploads\\\/2022\\\/12\\\/Screenshot-2022-12-28-at-2.20.10-PM.png\",\"width\":2182,\"height\":1378,\"caption\":\"Cyprus Villages\"},\"image\":{\"@id\":\"https:\\\/\\\/www.cyprusvillages.com.cy\\\/pl\\\/#\\\/schema\\\/logo\\\/image\\\/\"},\"sameAs\":[\"https:\\\/\\\/www.facebook.com\\\/Cyprusvillages\\\/\",\"https:\\\/\\\/www.instagram.com\\\/cyprus_villages_\\\/\"]}]}<\/script>\n<!-- \/ Yoast SEO plugin. -->","yoast_head_json":{"title":"Sala konferencyjna | Cyprus Villages","description":"Oferujemy sal\u0119 konferencyjn\u0105 na Cyprze dla maksymalnie 50 os\u00f3b. Nasza restauracja oferuje lunch i kolacj\u0119","robots":{"index":"index","follow":"follow","max-snippet":"max-snippet:-1","max-image-preview":"max-image-preview:large","max-video-preview":"max-video-preview:-1"},"canonical":"https:\/\/www.cyprusvillages.com.cy\/pl\/sala-konferencyjna\/","og_locale":"pl_PL","og_type":"article","og_title":"Sala konferencyjna | Cyprus Villages","og_description":"Oferujemy sal\u0119 konferencyjn\u0105 na Cyprze dla maksymalnie 50 os\u00f3b. Nasza restauracja oferuje lunch i kolacj\u0119","og_url":"https:\/\/www.cyprusvillages.com.cy\/pl\/sala-konferencyjna\/","og_site_name":"Cyprus Villages","article_publisher":"https:\/\/www.facebook.com\/Cyprusvillages\/","article_modified_time":"2024-03-01T11:55:23+00:00","og_image":[{"url":"https:\/\/www.cyprusvillages.com.cy\/wp-content\/uploads\/elementor\/thumbs\/IMG_2554-scaled-q7m4hg8vi9yus3fzbke0yq59xbp6t2whxlhwjc458m.jpg","type":"","width":"","height":""}],"twitter_card":"summary_large_image","schema":{"@context":"https:\/\/schema.org","@graph":[{"@type":"WebPage","@id":"https:\/\/www.cyprusvillages.com.cy\/pl\/sala-konferencyjna\/","url":"https:\/\/www.cyprusvillages.com.cy\/pl\/sala-konferencyjna\/","name":"Sala konferencyjna | Cyprus Villages","isPartOf":{"@id":"https:\/\/www.cyprusvillages.com.cy\/pl\/#website"},"primaryImageOfPage":{"@id":"https:\/\/www.cyprusvillages.com.cy\/pl\/sala-konferencyjna\/#primaryimage"},"image":{"@id":"https:\/\/www.cyprusvillages.com.cy\/pl\/sala-konferencyjna\/#primaryimage"},"thumbnailUrl":"https:\/\/www.cyprusvillages.com.cy\/wp-content\/uploads\/elementor\/thumbs\/IMG_2554-scaled-q7m4hg8vi9yus3fzbke0yq59xbp6t2whxlhwjc458m.jpg","datePublished":"2023-06-07T13:18:43+00:00","dateModified":"2024-03-01T11:55:23+00:00","description":"Oferujemy sal\u0119 konferencyjn\u0105 na Cyprze dla maksymalnie 50 os\u00f3b. Nasza restauracja oferuje lunch i kolacj\u0119","breadcrumb":{"@id":"https:\/\/www.cyprusvillages.com.cy\/pl\/sala-konferencyjna\/#breadcrumb"},"inLanguage":"pl-PL","potentialAction":[{"@type":"ReadAction","target":["https:\/\/www.cyprusvillages.com.cy\/pl\/sala-konferencyjna\/"]}]},{"@type":"ImageObject","inLanguage":"pl-PL","@id":"https:\/\/www.cyprusvillages.com.cy\/pl\/sala-konferencyjna\/#primaryimage","url":"https:\/\/www.cyprusvillages.com.cy\/wp-content\/uploads\/elementor\/thumbs\/IMG_2554-scaled-q7m4hg8vi9yus3fzbke0yq59xbp6t2whxlhwjc458m.jpg","contentUrl":"https:\/\/www.cyprusvillages.com.cy\/wp-content\/uploads\/elementor\/thumbs\/IMG_2554-scaled-q7m4hg8vi9yus3fzbke0yq59xbp6t2whxlhwjc458m.jpg"},{"@type":"BreadcrumbList","@id":"https:\/\/www.cyprusvillages.com.cy\/pl\/sala-konferencyjna\/#breadcrumb","itemListElement":[{"@type":"ListItem","position":1,"name":"Home","item":"https:\/\/www.cyprusvillages.com.cy\/pl\/dom-2\/"},{"@type":"ListItem","position":2,"name":"Sala konferencyjna"}]},{"@type":"WebSite","@id":"https:\/\/www.cyprusvillages.com.cy\/pl\/#website","url":"https:\/\/www.cyprusvillages.com.cy\/pl\/","name":"Cyprus Villages","description":"Cyprus Villages","publisher":{"@id":"https:\/\/www.cyprusvillages.com.cy\/pl\/#organization"},"potentialAction":[{"@type":"SearchAction","target":{"@type":"EntryPoint","urlTemplate":"https:\/\/www.cyprusvillages.com.cy\/pl\/?s={search_term_string}"},"query-input":{"@type":"PropertyValueSpecification","valueRequired":true,"valueName":"search_term_string"}}],"inLanguage":"pl-PL"},{"@type":"Organization","@id":"https:\/\/www.cyprusvillages.com.cy\/pl\/#organization","name":"Cyprus Villages","url":"https:\/\/www.cyprusvillages.com.cy\/pl\/","logo":{"@type":"ImageObject","inLanguage":"pl-PL","@id":"https:\/\/www.cyprusvillages.com.cy\/pl\/#\/schema\/logo\/image\/","url":"https:\/\/www.cyprusvillages.com.cy\/wp-content\/uploads\/2022\/12\/Screenshot-2022-12-28-at-2.20.10-PM.png","contentUrl":"https:\/\/www.cyprusvillages.com.cy\/wp-content\/uploads\/2022\/12\/Screenshot-2022-12-28-at-2.20.10-PM.png","width":2182,"height":1378,"caption":"Cyprus Villages"},"image":{"@id":"https:\/\/www.cyprusvillages.com.cy\/pl\/#\/schema\/logo\/image\/"},"sameAs":["https:\/\/www.facebook.com\/Cyprusvillages\/","https:\/\/www.instagram.com\/cyprus_villages_\/"]}]}},"_links":{"self":[{"href":"https:\/\/www.cyprusvillages.com.cy\/pl\/wp-json\/wp\/v2\/pages\/5550","targetHints":{"allow":["GET"]}}],"collection":[{"href":"https:\/\/www.cyprusvillages.com.cy\/pl\/wp-json\/wp\/v2\/pages"}],"about":[{"href":"https:\/\/www.cyprusvillages.com.cy\/pl\/wp-json\/wp\/v2\/types\/page"}],"author":[{"embeddable":true,"href":"https:\/\/www.cyprusvillages.com.cy\/pl\/wp-json\/wp\/v2\/users\/1"}],"replies":[{"embeddable":true,"href":"https:\/\/www.cyprusvillages.com.cy\/pl\/wp-json\/wp\/v2\/comments?post=5550"}],"version-history":[{"count":1,"href":"https:\/\/www.cyprusvillages.com.cy\/pl\/wp-json\/wp\/v2\/pages\/5550\/revisions"}],"predecessor-version":[{"id":5554,"href":"https:\/\/www.cyprusvillages.com.cy\/pl\/wp-json\/wp\/v2\/pages\/5550\/revisions\/5554"}],"wp:attachment":[{"href":"https:\/\/www.cyprusvillages.com.cy\/pl\/wp-json\/wp\/v2\/media?parent=5550"}],"wp:term":[{"taxonomy":"folder","embeddable":true,"href":"https:\/\/www.cyprusvillages.com.cy\/pl\/wp-json\/wp\/v2\/folder?post=5550"}],"curies":[{"name":"wp","href":"https:\/\/api.w.org\/{rel}","templated":true}]}}