{"id":5547,"date":"2023-04-16T12:33:42","date_gmt":"2023-04-16T12:33:42","guid":{"rendered":"https:\/\/www.cyprusvillages.com.cy\/galeria\/"},"modified":"2024-03-01T11:55:23","modified_gmt":"2024-03-01T11:55:23","slug":"galeria","status":"publish","type":"page","link":"https:\/\/www.cyprusvillages.com.cy\/pl\/galeria\/","title":{"rendered":"Galeria"},"content":{"rendered":"\t\t<div data-elementor-type=\"wp-page\" data-elementor-id=\"5547\" class=\"elementor elementor-5547 elementor-1653\" data-elementor-post-type=\"page\">\n\t\t\t\t\t\t<section class=\"elementor-section elementor-top-section elementor-element elementor-element-0a97bf7 elementor-section-full_width elementor-section-height-default elementor-section-height-default\" data-id=\"0a97bf7\" data-element_type=\"section\" data-e-type=\"section\">\n\t\t\t\t\t\t<div class=\"elementor-container elementor-column-gap-default\">\n\t\t\t\t\t<div class=\"elementor-column elementor-col-100 elementor-top-column elementor-element elementor-element-3d6acad\" data-id=\"3d6acad\" data-element_type=\"column\" data-e-type=\"column\">\n\t\t\t<div class=\"elementor-widget-wrap elementor-element-populated\">\n\t\t\t\t\t\t<div class=\"elementor-element elementor-element-45eea2e elementor-widget elementor-widget-gallery\" data-id=\"45eea2e\" data-element_type=\"widget\" data-e-type=\"widget\" data-settings=\"{&quot;gallery_layout&quot;:&quot;masonry&quot;,&quot;columns&quot;:3,&quot;gap&quot;:{&quot;unit&quot;:&quot;px&quot;,&quot;size&quot;:9,&quot;sizes&quot;:[]},&quot;lazyload&quot;:&quot;yes&quot;,&quot;columns_tablet&quot;:2,&quot;columns_mobile&quot;:1,&quot;gap_laptop&quot;:{&quot;unit&quot;:&quot;px&quot;,&quot;size&quot;:10,&quot;sizes&quot;:[]},&quot;gap_tablet&quot;:{&quot;unit&quot;:&quot;px&quot;,&quot;size&quot;:10,&quot;sizes&quot;:[]},&quot;gap_mobile&quot;:{&quot;unit&quot;:&quot;px&quot;,&quot;size&quot;:10,&quot;sizes&quot;:[]},&quot;overlay_background&quot;:&quot;yes&quot;,&quot;content_hover_animation&quot;:&quot;fade-in&quot;}\" data-widget_type=\"gallery.default\">\n\t\t\t\t<div class=\"elementor-widget-container\">\n\t\t\t\t\t\t\t<div class=\"elementor-gallery__container\">\n\t\t\t\t\t\t\t<div class=\"e-gallery-item elementor-gallery-item elementor-animated-content\">\n\t\t\t\t\t<div class=\"e-gallery-image elementor-gallery-item__image\" data-thumbnail=\"https:\/\/www.cyprusvillages.com.cy\/wp-content\/uploads\/2022\/12\/rsz_copy_of_copy_of__dcm1377-2-1024x683.jpg\" data-width=\"800\" data-height=\"534\" aria-label=\"\" role=\"img\" ><\/div>\n\t\t\t\t\t\t\t\t\t\t\t<div class=\"elementor-gallery-item__overlay\"><\/div>\n\t\t\t\t\t\t\t\t\t\t\t\t\t\t<\/div>\n\t\t\t\t\t\t\t<div class=\"e-gallery-item elementor-gallery-item elementor-animated-content\">\n\t\t\t\t\t<div class=\"e-gallery-image elementor-gallery-item__image\" data-thumbnail=\"https:\/\/www.cyprusvillages.com.cy\/wp-content\/uploads\/2023\/03\/DCM3161-1024x683.webp\" data-width=\"800\" data-height=\"534\" aria-label=\"Mespilo holiday apartments Cyprus\" role=\"img\" ><\/div>\n\t\t\t\t\t\t\t\t\t\t\t<div class=\"elementor-gallery-item__overlay\"><\/div>\n\t\t\t\t\t\t\t\t\t\t\t\t\t\t<\/div>\n\t\t\t\t\t\t\t<div class=\"e-gallery-item elementor-gallery-item elementor-animated-content\">\n\t\t\t\t\t<div class=\"e-gallery-image elementor-gallery-item__image\" data-thumbnail=\"https:\/\/www.cyprusvillages.com.cy\/wp-content\/uploads\/2023\/06\/IMG_7471_jpg-1024x768.jpg\" data-width=\"800\" data-height=\"600\" aria-label=\"\" role=\"img\" ><\/div>\n\t\t\t\t\t\t\t\t\t\t\t<div class=\"elementor-gallery-item__overlay\"><\/div>\n\t\t\t\t\t\t\t\t\t\t\t\t\t\t<\/div>\n\t\t\t\t\t\t\t<div class=\"e-gallery-item elementor-gallery-item elementor-animated-content\">\n\t\t\t\t\t<div class=\"e-gallery-image elementor-gallery-item__image\" data-thumbnail=\"https:\/\/www.cyprusvillages.com.cy\/wp-content\/uploads\/2023\/01\/IMG_1612-1024x768.webp\" data-width=\"800\" data-height=\"600\" aria-label=\"Yoga holidays cyprus\" role=\"img\" ><\/div>\n\t\t\t\t\t\t\t\t\t\t\t<div class=\"elementor-gallery-item__overlay\"><\/div>\n\t\t\t\t\t\t\t\t\t\t\t\t\t\t<\/div>\n\t\t\t\t\t\t\t<div class=\"e-gallery-item elementor-gallery-item elementor-animated-content\">\n\t\t\t\t\t<div class=\"e-gallery-image elementor-gallery-item__image\" data-thumbnail=\"https:\/\/www.cyprusvillages.com.cy\/wp-content\/uploads\/2023\/03\/401-1024x683.webp\" data-width=\"800\" data-height=\"534\" aria-label=\"Archontias house Kalavasos\" role=\"img\" ><\/div>\n\t\t\t\t\t\t\t\t\t\t\t<div class=\"elementor-gallery-item__overlay\"><\/div>\n\t\t\t\t\t\t\t\t\t\t\t\t\t\t<\/div>\n\t\t\t\t\t\t\t<div class=\"e-gallery-item elementor-gallery-item elementor-animated-content\">\n\t\t\t\t\t<div class=\"e-gallery-image elementor-gallery-item__image\" data-thumbnail=\"https:\/\/www.cyprusvillages.com.cy\/wp-content\/uploads\/2023\/01\/Tochni-tavern-salad-1024x684.webp\" data-width=\"800\" data-height=\"534\" aria-label=\"\" role=\"img\" ><\/div>\n\t\t\t\t\t\t\t\t\t\t\t<div class=\"elementor-gallery-item__overlay\"><\/div>\n\t\t\t\t\t\t\t\t\t\t\t\t\t\t<\/div>\n\t\t\t\t\t\t\t<div class=\"e-gallery-item elementor-gallery-item elementor-animated-content\">\n\t\t\t\t\t<div class=\"e-gallery-image elementor-gallery-item__image\" data-thumbnail=\"https:\/\/www.cyprusvillages.com.cy\/wp-content\/uploads\/2023\/01\/DCM7708-1-1024x740.webp\" data-width=\"800\" data-height=\"578\" aria-label=\"\" role=\"img\" ><\/div>\n\t\t\t\t\t\t\t\t\t\t\t<div class=\"elementor-gallery-item__overlay\"><\/div>\n\t\t\t\t\t\t\t\t\t\t\t\t\t\t<\/div>\n\t\t\t\t\t\t\t<div class=\"e-gallery-item elementor-gallery-item elementor-animated-content\">\n\t\t\t\t\t<div class=\"e-gallery-image elementor-gallery-item__image\" data-thumbnail=\"https:\/\/www.cyprusvillages.com.cy\/wp-content\/uploads\/2023\/01\/DCM9609-1024x738.webp\" data-width=\"800\" data-height=\"577\" aria-label=\"\" role=\"img\" ><\/div>\n\t\t\t\t\t\t\t\t\t\t\t<div class=\"elementor-gallery-item__overlay\"><\/div>\n\t\t\t\t\t\t\t\t\t\t\t\t\t\t<\/div>\n\t\t\t\t\t\t\t<div class=\"e-gallery-item elementor-gallery-item elementor-animated-content\">\n\t\t\t\t\t<div class=\"e-gallery-image elementor-gallery-item__image\" data-thumbnail=\"https:\/\/www.cyprusvillages.com.cy\/wp-content\/uploads\/2023\/03\/Copy-of-_DCM1834-1-1024x683.webp\" data-width=\"800\" data-height=\"534\" aria-label=\"Danae house Cyprus\" role=\"img\" ><\/div>\n\t\t\t\t\t\t\t\t\t\t\t<div class=\"elementor-gallery-item__overlay\"><\/div>\n\t\t\t\t\t\t\t\t\t\t\t\t\t\t<\/div>\n\t\t\t\t\t\t\t<div class=\"e-gallery-item elementor-gallery-item elementor-animated-content\">\n\t\t\t\t\t<div class=\"e-gallery-image elementor-gallery-item__image\" data-thumbnail=\"https:\/\/www.cyprusvillages.com.cy\/wp-content\/uploads\/2023\/03\/Copy-of-_DCM6490-1-1024x683.webp\" data-width=\"800\" data-height=\"534\" aria-label=\"Danae house Cyprus\" role=\"img\" ><\/div>\n\t\t\t\t\t\t\t\t\t\t\t<div class=\"elementor-gallery-item__overlay\"><\/div>\n\t\t\t\t\t\t\t\t\t\t\t\t\t\t<\/div>\n\t\t\t\t\t\t\t<div class=\"e-gallery-item elementor-gallery-item elementor-animated-content\">\n\t\t\t\t\t<div class=\"e-gallery-image elementor-gallery-item__image\" data-thumbnail=\"https:\/\/www.cyprusvillages.com.cy\/wp-content\/uploads\/2023\/04\/01-tochni-cyprus-village-1-1024x768.webp\" data-width=\"800\" data-height=\"600\" aria-label=\"Myrto House Tochni\" role=\"img\" ><\/div>\n\t\t\t\t\t\t\t\t\t\t\t<div class=\"elementor-gallery-item__overlay\"><\/div>\n\t\t\t\t\t\t\t\t\t\t\t\t\t\t<\/div>\n\t\t\t\t\t\t\t<div class=\"e-gallery-item elementor-gallery-item elementor-animated-content\">\n\t\t\t\t\t<div class=\"e-gallery-image elementor-gallery-item__image\" data-thumbnail=\"https:\/\/www.cyprusvillages.com.cy\/wp-content\/uploads\/2023\/03\/Screenshot-2023-03-02-at-9.30.14-AM-1024x605.webp\" data-width=\"800\" data-height=\"473\" aria-label=\"Adamos holiday apartments cyprus\" role=\"img\" ><\/div>\n\t\t\t\t\t\t\t\t\t\t\t<div class=\"elementor-gallery-item__overlay\"><\/div>\n\t\t\t\t\t\t\t\t\t\t\t\t\t\t<\/div>\n\t\t\t\t\t\t\t<div class=\"e-gallery-item elementor-gallery-item elementor-animated-content\">\n\t\t\t\t\t<div class=\"e-gallery-image elementor-gallery-item__image\" data-thumbnail=\"https:\/\/www.cyprusvillages.com.cy\/wp-content\/uploads\/2023\/03\/DCM7586-1024x683.webp\" data-width=\"800\" data-height=\"534\" aria-label=\"Adamos holiday apartments cyprus\" role=\"img\" ><\/div>\n\t\t\t\t\t\t\t\t\t\t\t<div class=\"elementor-gallery-item__overlay\"><\/div>\n\t\t\t\t\t\t\t\t\t\t\t\t\t\t<\/div>\n\t\t\t\t\t\t\t<div class=\"e-gallery-item elementor-gallery-item elementor-animated-content\">\n\t\t\t\t\t<div class=\"e-gallery-image elementor-gallery-item__image\" data-thumbnail=\"https:\/\/www.cyprusvillages.com.cy\/wp-content\/uploads\/2023\/03\/DCM7617-1024x675.webp\" data-width=\"800\" data-height=\"527\" aria-label=\"Adamos holiday apartments cyprus\" role=\"img\" ><\/div>\n\t\t\t\t\t\t\t\t\t\t\t<div class=\"elementor-gallery-item__overlay\"><\/div>\n\t\t\t\t\t\t\t\t\t\t\t\t\t\t<\/div>\n\t\t\t\t\t\t\t<div class=\"e-gallery-item elementor-gallery-item elementor-animated-content\">\n\t\t\t\t\t<div class=\"e-gallery-image elementor-gallery-item__image\" data-thumbnail=\"https:\/\/www.cyprusvillages.com.cy\/wp-content\/uploads\/2023\/03\/DCM7578-1024x683.webp\" data-width=\"800\" data-height=\"534\" aria-label=\"Adamos holiday apartments cyprus\" role=\"img\" ><\/div>\n\t\t\t\t\t\t\t\t\t\t\t<div class=\"elementor-gallery-item__overlay\"><\/div>\n\t\t\t\t\t\t\t\t\t\t\t\t\t\t<\/div>\n\t\t\t\t\t\t\t<div class=\"e-gallery-item elementor-gallery-item elementor-animated-content\">\n\t\t\t\t\t<div class=\"e-gallery-image elementor-gallery-item__image\" data-thumbnail=\"https:\/\/www.cyprusvillages.com.cy\/wp-content\/uploads\/2023\/03\/DCM1952-1024x683.webp\" data-width=\"800\" data-height=\"534\" aria-label=\"Mespilo holiday apartments Cyprus\" role=\"img\" ><\/div>\n\t\t\t\t\t\t\t\t\t\t\t<div class=\"elementor-gallery-item__overlay\"><\/div>\n\t\t\t\t\t\t\t\t\t\t\t\t\t\t<\/div>\n\t\t\t\t\t\t\t<div class=\"e-gallery-item elementor-gallery-item elementor-animated-content\">\n\t\t\t\t\t<div class=\"e-gallery-image elementor-gallery-item__image\" data-thumbnail=\"https:\/\/www.cyprusvillages.com.cy\/wp-content\/uploads\/2023\/06\/IMG_7472-1024x768.jpg\" data-width=\"800\" data-height=\"600\" aria-label=\"\" role=\"img\" ><\/div>\n\t\t\t\t\t\t\t\t\t\t\t<div class=\"elementor-gallery-item__overlay\"><\/div>\n\t\t\t\t\t\t\t\t\t\t\t\t\t\t<\/div>\n\t\t\t\t\t\t\t<div class=\"e-gallery-item elementor-gallery-item elementor-animated-content\">\n\t\t\t\t\t<div class=\"e-gallery-image elementor-gallery-item__image\" data-thumbnail=\"https:\/\/www.cyprusvillages.com.cy\/wp-content\/uploads\/2023\/03\/DCM1969-HDR-1-1024x671.webp\" data-width=\"800\" data-height=\"524\" aria-label=\"Mespilo holiday apartments Cyprus\" role=\"img\" ><\/div>\n\t\t\t\t\t\t\t\t\t\t\t<div class=\"elementor-gallery-item__overlay\"><\/div>\n\t\t\t\t\t\t\t\t\t\t\t\t\t\t<\/div>\n\t\t\t\t\t\t\t<div class=\"e-gallery-item elementor-gallery-item elementor-animated-content\">\n\t\t\t\t\t<div class=\"e-gallery-image elementor-gallery-item__image\" data-thumbnail=\"https:\/\/www.cyprusvillages.com.cy\/wp-content\/uploads\/2023\/03\/DCM3151-1-1024x778.webp\" data-width=\"800\" data-height=\"608\" aria-label=\"Mespilo holiday apartments Cyprus\" role=\"img\" ><\/div>\n\t\t\t\t\t\t\t\t\t\t\t<div class=\"elementor-gallery-item__overlay\"><\/div>\n\t\t\t\t\t\t\t\t\t\t\t\t\t\t<\/div>\n\t\t\t\t\t\t\t<div class=\"e-gallery-item elementor-gallery-item elementor-animated-content\">\n\t\t\t\t\t<div class=\"e-gallery-image elementor-gallery-item__image\" data-thumbnail=\"https:\/\/www.cyprusvillages.com.cy\/wp-content\/uploads\/2023\/03\/P1281128-1-1024x688.webp\" data-width=\"800\" data-height=\"538\" aria-label=\"Vasilikos house Tochni\" role=\"img\" ><\/div>\n\t\t\t\t\t\t\t\t\t\t\t<div class=\"elementor-gallery-item__overlay\"><\/div>\n\t\t\t\t\t\t\t\t\t\t\t\t\t\t<\/div>\n\t\t\t\t\t\t\t<div class=\"e-gallery-item elementor-gallery-item elementor-animated-content\">\n\t\t\t\t\t<div class=\"e-gallery-image elementor-gallery-item__image\" data-thumbnail=\"https:\/\/www.cyprusvillages.com.cy\/wp-content\/uploads\/2023\/03\/9911870B-C7FE-46FA-AB59-42C1FE3B83E5.webp\" data-width=\"800\" data-height=\"419\" aria-label=\"Archontias house Kalavasos\" role=\"img\" ><\/div>\n\t\t\t\t\t\t\t\t\t\t\t<div class=\"elementor-gallery-item__overlay\"><\/div>\n\t\t\t\t\t\t\t\t\t\t\t\t\t\t<\/div>\n\t\t\t\t\t\t\t<div class=\"e-gallery-item elementor-gallery-item elementor-animated-content\">\n\t\t\t\t\t<div class=\"e-gallery-image elementor-gallery-item__image\" data-thumbnail=\"https:\/\/www.cyprusvillages.com.cy\/wp-content\/uploads\/2023\/03\/209-1024x683.webp\" data-width=\"800\" data-height=\"534\" aria-label=\"Archontias house Kalavasos\" role=\"img\" ><\/div>\n\t\t\t\t\t\t\t\t\t\t\t<div class=\"elementor-gallery-item__overlay\"><\/div>\n\t\t\t\t\t\t\t\t\t\t\t\t\t\t<\/div>\n\t\t\t\t\t\t\t<div class=\"e-gallery-item elementor-gallery-item elementor-animated-content\">\n\t\t\t\t\t<div class=\"e-gallery-image elementor-gallery-item__image\" data-thumbnail=\"https:\/\/www.cyprusvillages.com.cy\/wp-content\/uploads\/2023\/03\/417-1024x683.webp\" data-width=\"800\" data-height=\"534\" aria-label=\"Archontias house Kalavasos\" role=\"img\" ><\/div>\n\t\t\t\t\t\t\t\t\t\t\t<div class=\"elementor-gallery-item__overlay\"><\/div>\n\t\t\t\t\t\t\t\t\t\t\t\t\t\t<\/div>\n\t\t\t\t\t\t\t<div class=\"e-gallery-item elementor-gallery-item elementor-animated-content\">\n\t\t\t\t\t<div class=\"e-gallery-image elementor-gallery-item__image\" data-thumbnail=\"https:\/\/www.cyprusvillages.com.cy\/wp-content\/uploads\/2023\/03\/DCM0956-1024x683.jpg\" data-width=\"800\" data-height=\"534\" aria-label=\"Takis house kalavasos\" role=\"img\" ><\/div>\n\t\t\t\t\t\t\t\t\t\t\t<div class=\"elementor-gallery-item__overlay\"><\/div>\n\t\t\t\t\t\t\t\t\t\t\t\t\t\t<\/div>\n\t\t\t\t\t\t\t<div class=\"e-gallery-item elementor-gallery-item elementor-animated-content\">\n\t\t\t\t\t<div class=\"e-gallery-image elementor-gallery-item__image\" data-thumbnail=\"https:\/\/www.cyprusvillages.com.cy\/wp-content\/uploads\/2023\/04\/photo-1.webp\" data-width=\"800\" data-height=\"444\" aria-label=\"Myrto House Tochni\" role=\"img\" ><\/div>\n\t\t\t\t\t\t\t\t\t\t\t<div class=\"elementor-gallery-item__overlay\"><\/div>\n\t\t\t\t\t\t\t\t\t\t\t\t\t\t<\/div>\n\t\t\t\t\t\t\t<div class=\"e-gallery-item elementor-gallery-item elementor-animated-content\">\n\t\t\t\t\t<div class=\"e-gallery-image elementor-gallery-item__image\" data-thumbnail=\"https:\/\/www.cyprusvillages.com.cy\/wp-content\/uploads\/2023\/04\/1020a980-dd66-43fb-985f-349d3767cd90-1024x768.jpg\" data-width=\"800\" data-height=\"600\" aria-label=\"\" role=\"img\" ><\/div>\n\t\t\t\t\t\t\t\t\t\t\t<div class=\"elementor-gallery-item__overlay\"><\/div>\n\t\t\t\t\t\t\t\t\t\t\t\t\t\t<\/div>\n\t\t\t\t\t\t\t<div class=\"e-gallery-item elementor-gallery-item elementor-animated-content\">\n\t\t\t\t\t<div class=\"e-gallery-image elementor-gallery-item__image\" data-thumbnail=\"https:\/\/www.cyprusvillages.com.cy\/wp-content\/uploads\/2023\/04\/5c320e_50e75fe5e0b14f07a1aa5d469d61ce46_mv2.webp\" data-width=\"800\" data-height=\"399\" aria-label=\"\" role=\"img\" ><\/div>\n\t\t\t\t\t\t\t\t\t\t\t<div class=\"elementor-gallery-item__overlay\"><\/div>\n\t\t\t\t\t\t\t\t\t\t\t\t\t\t<\/div>\n\t\t\t\t\t\t\t<div class=\"e-gallery-item elementor-gallery-item elementor-animated-content\">\n\t\t\t\t\t<div class=\"e-gallery-image elementor-gallery-item__image\" data-thumbnail=\"https:\/\/www.cyprusvillages.com.cy\/wp-content\/uploads\/2023\/04\/Screenshot-2021-12-20-at-10_03_13-AM-1024x776.webp\" data-width=\"800\" data-height=\"606\" aria-label=\"\" role=\"img\" ><\/div>\n\t\t\t\t\t\t\t\t\t\t\t<div class=\"elementor-gallery-item__overlay\"><\/div>\n\t\t\t\t\t\t\t\t\t\t\t\t\t\t<\/div>\n\t\t\t\t\t\t\t<div class=\"e-gallery-item elementor-gallery-item elementor-animated-content\">\n\t\t\t\t\t<div class=\"e-gallery-image elementor-gallery-item__image\" data-thumbnail=\"https:\/\/www.cyprusvillages.com.cy\/wp-content\/uploads\/2023\/04\/Copy-of-Copy-of-20181011_071217-1-1024x768.jpg\" data-width=\"800\" data-height=\"600\" aria-label=\"\" role=\"img\" ><\/div>\n\t\t\t\t\t\t\t\t\t\t\t<div class=\"elementor-gallery-item__overlay\"><\/div>\n\t\t\t\t\t\t\t\t\t\t\t\t\t\t<\/div>\n\t\t\t\t\t<\/div>\n\t\t\t\t\t<\/div>\n\t\t\t\t<\/div>\n\t\t\t\t\t<\/div>\n\t\t<\/div>\n\t\t\t\t\t<\/div>\n\t\t<\/section>\n\t\t\t\t<\/div>\n\t\t","protected":false},"excerpt":{"rendered":"","protected":false},"author":1,"featured_media":0,"parent":0,"menu_order":0,"comment_status":"closed","ping_status":"closed","template":"","meta":{"footnotes":""},"folder":[],"class_list":["post-5547","page","type-page","status-publish","hentry"],"yoast_head":"<!-- This site is optimized with the Yoast SEO plugin v27.5 - https:\/\/yoast.com\/product\/yoast-seo-wordpress\/ -->\n<title>Galeria | Cyprus Villages.<\/title>\n<meta name=\"description\" content=\"Zobacz nasz\u0105 galeri\u0119 zdj\u0119\u0107 z poprzednich wydarze\u0144, nasz\u0105 kuchni\u0119 i nasze pokoje\" \/>\n<meta name=\"robots\" content=\"index, follow, max-snippet:-1, max-image-preview:large, max-video-preview:-1\" \/>\n<link rel=\"canonical\" href=\"https:\/\/www.cyprusvillages.com.cy\/pl\/galeria\/\" \/>\n<meta property=\"og:locale\" content=\"pl_PL\" \/>\n<meta property=\"og:type\" content=\"article\" \/>\n<meta property=\"og:title\" content=\"Galeria | Cyprus Villages.\" \/>\n<meta property=\"og:description\" content=\"Zobacz nasz\u0105 galeri\u0119 zdj\u0119\u0107 z poprzednich wydarze\u0144, nasz\u0105 kuchni\u0119 i nasze pokoje\" \/>\n<meta property=\"og:url\" content=\"https:\/\/www.cyprusvillages.com.cy\/pl\/galeria\/\" \/>\n<meta property=\"og:site_name\" content=\"Cyprus Villages\" \/>\n<meta property=\"article:publisher\" content=\"https:\/\/www.facebook.com\/Cyprusvillages\/\" \/>\n<meta property=\"article:modified_time\" content=\"2024-03-01T11:55:23+00:00\" \/>\n<meta name=\"twitter:card\" content=\"summary_large_image\" \/>\n<script type=\"application\/ld+json\" class=\"yoast-schema-graph\">{\"@context\":\"https:\\\/\\\/schema.org\",\"@graph\":[{\"@type\":\"WebPage\",\"@id\":\"https:\\\/\\\/www.cyprusvillages.com.cy\\\/pl\\\/galeria\\\/\",\"url\":\"https:\\\/\\\/www.cyprusvillages.com.cy\\\/pl\\\/galeria\\\/\",\"name\":\"Galeria | Cyprus Villages.\",\"isPartOf\":{\"@id\":\"https:\\\/\\\/www.cyprusvillages.com.cy\\\/pl\\\/#website\"},\"datePublished\":\"2023-04-16T12:33:42+00:00\",\"dateModified\":\"2024-03-01T11:55:23+00:00\",\"description\":\"Zobacz nasz\u0105 galeri\u0119 zdj\u0119\u0107 z poprzednich wydarze\u0144, nasz\u0105 kuchni\u0119 i nasze pokoje\",\"breadcrumb\":{\"@id\":\"https:\\\/\\\/www.cyprusvillages.com.cy\\\/pl\\\/galeria\\\/#breadcrumb\"},\"inLanguage\":\"pl-PL\",\"potentialAction\":[{\"@type\":\"ReadAction\",\"target\":[\"https:\\\/\\\/www.cyprusvillages.com.cy\\\/pl\\\/galeria\\\/\"]}]},{\"@type\":\"BreadcrumbList\",\"@id\":\"https:\\\/\\\/www.cyprusvillages.com.cy\\\/pl\\\/galeria\\\/#breadcrumb\",\"itemListElement\":[{\"@type\":\"ListItem\",\"position\":1,\"name\":\"Home\",\"item\":\"https:\\\/\\\/www.cyprusvillages.com.cy\\\/pl\\\/dom-2\\\/\"},{\"@type\":\"ListItem\",\"position\":2,\"name\":\"Galeria\"}]},{\"@type\":\"WebSite\",\"@id\":\"https:\\\/\\\/www.cyprusvillages.com.cy\\\/pl\\\/#website\",\"url\":\"https:\\\/\\\/www.cyprusvillages.com.cy\\\/pl\\\/\",\"name\":\"Cyprus Villages\",\"description\":\"Cyprus Villages\",\"publisher\":{\"@id\":\"https:\\\/\\\/www.cyprusvillages.com.cy\\\/pl\\\/#organization\"},\"potentialAction\":[{\"@type\":\"SearchAction\",\"target\":{\"@type\":\"EntryPoint\",\"urlTemplate\":\"https:\\\/\\\/www.cyprusvillages.com.cy\\\/pl\\\/?s={search_term_string}\"},\"query-input\":{\"@type\":\"PropertyValueSpecification\",\"valueRequired\":true,\"valueName\":\"search_term_string\"}}],\"inLanguage\":\"pl-PL\"},{\"@type\":\"Organization\",\"@id\":\"https:\\\/\\\/www.cyprusvillages.com.cy\\\/pl\\\/#organization\",\"name\":\"Cyprus Villages\",\"url\":\"https:\\\/\\\/www.cyprusvillages.com.cy\\\/pl\\\/\",\"logo\":{\"@type\":\"ImageObject\",\"inLanguage\":\"pl-PL\",\"@id\":\"https:\\\/\\\/www.cyprusvillages.com.cy\\\/pl\\\/#\\\/schema\\\/logo\\\/image\\\/\",\"url\":\"https:\\\/\\\/www.cyprusvillages.com.cy\\\/wp-content\\\/uploads\\\/2022\\\/12\\\/Screenshot-2022-12-28-at-2.20.10-PM.png\",\"contentUrl\":\"https:\\\/\\\/www.cyprusvillages.com.cy\\\/wp-content\\\/uploads\\\/2022\\\/12\\\/Screenshot-2022-12-28-at-2.20.10-PM.png\",\"width\":2182,\"height\":1378,\"caption\":\"Cyprus Villages\"},\"image\":{\"@id\":\"https:\\\/\\\/www.cyprusvillages.com.cy\\\/pl\\\/#\\\/schema\\\/logo\\\/image\\\/\"},\"sameAs\":[\"https:\\\/\\\/www.facebook.com\\\/Cyprusvillages\\\/\",\"https:\\\/\\\/www.instagram.com\\\/cyprus_villages_\\\/\"]}]}<\/script>\n<!-- \/ Yoast SEO plugin. -->","yoast_head_json":{"title":"Galeria | Cyprus Villages.","description":"Zobacz nasz\u0105 galeri\u0119 zdj\u0119\u0107 z poprzednich wydarze\u0144, nasz\u0105 kuchni\u0119 i nasze pokoje","robots":{"index":"index","follow":"follow","max-snippet":"max-snippet:-1","max-image-preview":"max-image-preview:large","max-video-preview":"max-video-preview:-1"},"canonical":"https:\/\/www.cyprusvillages.com.cy\/pl\/galeria\/","og_locale":"pl_PL","og_type":"article","og_title":"Galeria | Cyprus Villages.","og_description":"Zobacz nasz\u0105 galeri\u0119 zdj\u0119\u0107 z poprzednich wydarze\u0144, nasz\u0105 kuchni\u0119 i nasze pokoje","og_url":"https:\/\/www.cyprusvillages.com.cy\/pl\/galeria\/","og_site_name":"Cyprus Villages","article_publisher":"https:\/\/www.facebook.com\/Cyprusvillages\/","article_modified_time":"2024-03-01T11:55:23+00:00","twitter_card":"summary_large_image","schema":{"@context":"https:\/\/schema.org","@graph":[{"@type":"WebPage","@id":"https:\/\/www.cyprusvillages.com.cy\/pl\/galeria\/","url":"https:\/\/www.cyprusvillages.com.cy\/pl\/galeria\/","name":"Galeria | Cyprus Villages.","isPartOf":{"@id":"https:\/\/www.cyprusvillages.com.cy\/pl\/#website"},"datePublished":"2023-04-16T12:33:42+00:00","dateModified":"2024-03-01T11:55:23+00:00","description":"Zobacz nasz\u0105 galeri\u0119 zdj\u0119\u0107 z poprzednich wydarze\u0144, nasz\u0105 kuchni\u0119 i nasze pokoje","breadcrumb":{"@id":"https:\/\/www.cyprusvillages.com.cy\/pl\/galeria\/#breadcrumb"},"inLanguage":"pl-PL","potentialAction":[{"@type":"ReadAction","target":["https:\/\/www.cyprusvillages.com.cy\/pl\/galeria\/"]}]},{"@type":"BreadcrumbList","@id":"https:\/\/www.cyprusvillages.com.cy\/pl\/galeria\/#breadcrumb","itemListElement":[{"@type":"ListItem","position":1,"name":"Home","item":"https:\/\/www.cyprusvillages.com.cy\/pl\/dom-2\/"},{"@type":"ListItem","position":2,"name":"Galeria"}]},{"@type":"WebSite","@id":"https:\/\/www.cyprusvillages.com.cy\/pl\/#website","url":"https:\/\/www.cyprusvillages.com.cy\/pl\/","name":"Cyprus Villages","description":"Cyprus Villages","publisher":{"@id":"https:\/\/www.cyprusvillages.com.cy\/pl\/#organization"},"potentialAction":[{"@type":"SearchAction","target":{"@type":"EntryPoint","urlTemplate":"https:\/\/www.cyprusvillages.com.cy\/pl\/?s={search_term_string}"},"query-input":{"@type":"PropertyValueSpecification","valueRequired":true,"valueName":"search_term_string"}}],"inLanguage":"pl-PL"},{"@type":"Organization","@id":"https:\/\/www.cyprusvillages.com.cy\/pl\/#organization","name":"Cyprus Villages","url":"https:\/\/www.cyprusvillages.com.cy\/pl\/","logo":{"@type":"ImageObject","inLanguage":"pl-PL","@id":"https:\/\/www.cyprusvillages.com.cy\/pl\/#\/schema\/logo\/image\/","url":"https:\/\/www.cyprusvillages.com.cy\/wp-content\/uploads\/2022\/12\/Screenshot-2022-12-28-at-2.20.10-PM.png","contentUrl":"https:\/\/www.cyprusvillages.com.cy\/wp-content\/uploads\/2022\/12\/Screenshot-2022-12-28-at-2.20.10-PM.png","width":2182,"height":1378,"caption":"Cyprus Villages"},"image":{"@id":"https:\/\/www.cyprusvillages.com.cy\/pl\/#\/schema\/logo\/image\/"},"sameAs":["https:\/\/www.facebook.com\/Cyprusvillages\/","https:\/\/www.instagram.com\/cyprus_villages_\/"]}]}},"_links":{"self":[{"href":"https:\/\/www.cyprusvillages.com.cy\/pl\/wp-json\/wp\/v2\/pages\/5547","targetHints":{"allow":["GET"]}}],"collection":[{"href":"https:\/\/www.cyprusvillages.com.cy\/pl\/wp-json\/wp\/v2\/pages"}],"about":[{"href":"https:\/\/www.cyprusvillages.com.cy\/pl\/wp-json\/wp\/v2\/types\/page"}],"author":[{"embeddable":true,"href":"https:\/\/www.cyprusvillages.com.cy\/pl\/wp-json\/wp\/v2\/users\/1"}],"replies":[{"embeddable":true,"href":"https:\/\/www.cyprusvillages.com.cy\/pl\/wp-json\/wp\/v2\/comments?post=5547"}],"version-history":[{"count":1,"href":"https:\/\/www.cyprusvillages.com.cy\/pl\/wp-json\/wp\/v2\/pages\/5547\/revisions"}],"predecessor-version":[{"id":5549,"href":"https:\/\/www.cyprusvillages.com.cy\/pl\/wp-json\/wp\/v2\/pages\/5547\/revisions\/5549"}],"wp:attachment":[{"href":"https:\/\/www.cyprusvillages.com.cy\/pl\/wp-json\/wp\/v2\/media?parent=5547"}],"wp:term":[{"taxonomy":"folder","embeddable":true,"href":"https:\/\/www.cyprusvillages.com.cy\/pl\/wp-json\/wp\/v2\/folder?post=5547"}],"curies":[{"name":"wp","href":"https:\/\/api.w.org\/{rel}","templated":true}]}}